{"id":4519,"date":"2024-02-10T19:42:02","date_gmt":"2024-02-10T19:42:02","guid":{"rendered":"https:\/\/gamer.onlyconnect.com.mx\/?post_type=product&#038;p=4519"},"modified":"2024-09-13T18:46:37","modified_gmt":"2024-09-13T18:46:37","slug":"estacion-dual-de-acoplamiento-de-disco-duro-ssd-m-2-nvme-a-usb-c","status":"publish","type":"product","link":"https:\/\/gamer.onlyconnect.com.mx\/index.php\/product\/estacion-dual-de-acoplamiento-de-disco-duro-ssd-m-2-nvme-a-usb-c\/","title":{"rendered":"Estaci\u00f3n dual de acoplamiento de disco duro SSD M.2 NVME a USB-C"},"content":{"rendered":"<ul>\n<li>Soporta diferentes tama\u00f1os SSD de M.2 SATA &amp; NVME protocolos dobles<\/li>\n<li>Expansi\u00f3n de lectura y escritura en l\u00ednea<\/li>\n<li>Soporte de diferentes longitudes de M.2 SATA &amp; NVME SSD<\/li>\n<li>Case de doble disco M.2<\/li>\n<\/ul>\n","protected":false},"excerpt":{"rendered":"<p>Soporta diferentes tama\u00f1os SSD de M.2 SATA &amp; NVME protocolos dobles Expansi\u00f3n de lectura y escritura en l\u00ednea Soporte de diferentes longitudes de M.2 SATA &amp; NVME SSD Case de doble disco M.2<\/p>\n","protected":false},"featured_media":4520,"comment_status":"open","ping_status":"closed","template":"","meta":{"inline_featured_image":false},"product_cat":[188,192],"product_tag":[179,177,178,175,127,95],"class_list":{"0":"post-4519","1":"product","2":"type-product","3":"status-publish","4":"has-post-thumbnail","6":"product_cat-docking-station","7":"product_cat-2-bahias","8":"product_tag-case-a-micro-sata","9":"product_tag-case-de-2-5-pulgadas","10":"product_tag-gabinete-de-disco-duro-a-sata","11":"product_tag-gabinete-para-disco-disco","12":"product_tag-only-connect","13":"product_tag-xcase","15":"first","16":"instock","17":"taxable","18":"shipping-taxable","19":"purchasable","20":"product-type-simple"},"_links":{"self":[{"href":"https:\/\/gamer.onlyconnect.com.mx\/index.php\/wp-json\/wp\/v2\/product\/4519","targetHints":{"allow":["GET"]}}],"collection":[{"href":"https:\/\/gamer.onlyconnect.com.mx\/index.php\/wp-json\/wp\/v2\/product"}],"about":[{"href":"https:\/\/gamer.onlyconnect.com.mx\/index.php\/wp-json\/wp\/v2\/types\/product"}],"replies":[{"embeddable":true,"href":"https:\/\/gamer.onlyconnect.com.mx\/index.php\/wp-json\/wp\/v2\/comments?post=4519"}],"wp:featuredmedia":[{"embeddable":true,"href":"https:\/\/gamer.onlyconnect.com.mx\/index.php\/wp-json\/wp\/v2\/media\/4520"}],"wp:attachment":[{"href":"https:\/\/gamer.onlyconnect.com.mx\/index.php\/wp-json\/wp\/v2\/media?parent=4519"}],"wp:term":[{"taxonomy":"product_cat","embeddable":true,"href":"https:\/\/gamer.onlyconnect.com.mx\/index.php\/wp-json\/wp\/v2\/product_cat?post=4519"},{"taxonomy":"product_tag","embeddable":true,"href":"https:\/\/gamer.onlyconnect.com.mx\/index.php\/wp-json\/wp\/v2\/product_tag?post=4519"}],"curies":[{"name":"wp","href":"https:\/\/api.w.org\/{rel}","templated":true}]}}