{"id":304,"date":"2024-03-15T09:51:32","date_gmt":"2024-03-15T09:51:32","guid":{"rendered":"http:\/\/source.wpopal.com\/razox\/about-us\/"},"modified":"2024-09-18T18:12:13","modified_gmt":"2024-09-18T18:12:13","slug":"conocenos","status":"publish","type":"page","link":"https:\/\/gamer.onlyconnect.com.mx\/index.php\/conocenos\/","title":{"rendered":"Con\u00f3cenos"},"content":{"rendered":"\t\t<div data-elementor-type=\"wp-page\" data-elementor-id=\"304\" class=\"elementor elementor-304\">\n\t\t\t\t<div class=\"elementor-element elementor-element-21fdab3 e-flex e-con-boxed e-con e-parent\" data-id=\"21fdab3\" data-element_type=\"container\" data-settings=\"{&quot;background_background&quot;:&quot;classic&quot;}\">\n\t\t\t\t\t<div class=\"e-con-inner\">\n\t\t\t\t<div class=\"elementor-element elementor-element-903c9c2 elementor-widget elementor-widget-text-editor\" data-id=\"903c9c2\" data-element_type=\"widget\" data-widget_type=\"text-editor.default\">\n\t\t\t\t<div class=\"elementor-widget-container\">\n\t\t\t\t\t\t\t\t\t<p>Gamer Only Connect<\/p>\t\t\t\t\t\t\t\t<\/div>\n\t\t\t\t<\/div>\n\t\t\t\t<div class=\"elementor-element elementor-element-495d217 elementor-mobile-align-center subtitle-position-above elementor-widget elementor-widget-heading\" data-id=\"495d217\" data-element_type=\"widget\" data-widget_type=\"heading.default\">\n\t\t\t\t<div class=\"elementor-widget-container\">\n\t\t\t\t\t<div class=\"elementor-heading-wrapper-inner\"><h2 class=\"elementor-heading-title elementor-size-xxl\">Con\u00f3cenos<\/h2><\/div>\t\t\t\t<\/div>\n\t\t\t\t<\/div>\n\t\t\t\t\t<\/div>\n\t\t\t\t<\/div>\n\t\t<div class=\"elementor-element elementor-element-71e1d56 e-flex e-con-boxed e-con e-parent\" data-id=\"71e1d56\" data-element_type=\"container\">\n\t\t\t\t\t<div class=\"e-con-inner\">\n\t\t<div class=\"elementor-element elementor-element-14652e0 e-con-full e-flex elementor-invisible e-con e-child\" data-id=\"14652e0\" data-element_type=\"container\" data-settings=\"{&quot;animation&quot;:&quot;fadeInUp&quot;}\">\n\t\t<div class=\"elementor-element elementor-element-115ceb3 e-flex e-con-boxed e-con e-child\" data-id=\"115ceb3\" data-element_type=\"container\">\n\t\t\t\t\t<div class=\"e-con-inner\">\n\t\t\t\t<div class=\"elementor-element elementor-element-93efc7c subtitle-position-above elementor-widget elementor-widget-heading\" data-id=\"93efc7c\" data-element_type=\"widget\" data-widget_type=\"heading.default\">\n\t\t\t\t<div class=\"elementor-widget-container\">\n\t\t\t\t\t<div class=\"elementor-heading-wrapper-inner\"><h2 class=\"elementor-heading-title elementor-size-xxl\">Only <span style=\"color: #000\">Connect<\/span><\/h2><\/div>\t\t\t\t<\/div>\n\t\t\t\t<\/div>\n\t\t\t\t\t<\/div>\n\t\t\t\t<\/div>\n\t\t\t\t<div class=\"elementor-element elementor-element-bfffdbe elementor-widget elementor-widget-text-editor\" data-id=\"bfffdbe\" data-element_type=\"widget\" data-widget_type=\"text-editor.default\">\n\t\t\t\t<div class=\"elementor-widget-container\">\n\t\t\t\t\t\t\t\t\t<p>Fundada en 1990 bajo el nombre de Asesor\u00eda Integral en Sistemas, SA de CV, somos m\u00e1s conocidos como Grupo Asis. Con m\u00e1s de tres d\u00e9cadas de experiencia en el mercado del c\u00f3mputo, nos hemos consolidado como una empresa s\u00f3lida y confiable, que ha sabido adaptarse a las necesidades de nuestros clientes.<\/p><p>Actualmente, importamos productos de China bajo nuestra reconocida marca XCASE, la cual ha ganado popularidad y confianza a lo largo de los a\u00f1os. Nuestra oferta incluye m\u00e1s de 20 tipos de fuentes de poder, dise\u00f1adas para satisfacer las necesidades de empresas y consumidores finales. En los \u00faltimos a\u00f1os, nos hemos especializado en cables y productos para redes, garantizando siempre los m\u00e1s altos est\u00e1ndares de calidad y las \u00faltimas innovaciones en tecnolog\u00eda digital.<\/p><p>Adem\u00e1s, ofrecemos una amplia gama de adaptadores de corriente para computadoras port\u00e1tiles, as\u00ed como gabinetes de diversas l\u00edneas, que van desde opciones econ\u00f3micas hasta duplicadores y racks de 4U, junto con una variedad de accesorios inform\u00e1ticos.<\/p><p>Nuestra misi\u00f3n es proporcionar productos de alta calidad a precios accesibles, manteni\u00e9ndonos a la vanguardia de las tendencias del mercado y las necesidades de los usuarios. Nuestra visi\u00f3n es crecer junto a ti, ampliando nuestra oferta y asegurando la mejor calidad, precios competitivos y, sobre todo, un servicio excepcional.<\/p><p>En XCASE, estamos aqu\u00ed para servirte.<\/p>\t\t\t\t\t\t\t\t<\/div>\n\t\t\t\t<\/div>\n\t\t\t\t<\/div>\n\t\t\t\t\t<\/div>\n\t\t\t\t<\/div>\n\t\t<div class=\"elementor-element elementor-element-1a70499 e-flex e-con-boxed e-con e-parent\" data-id=\"1a70499\" data-element_type=\"container\">\n\t\t\t\t\t<div class=\"e-con-inner\">\n\t\t<div class=\"elementor-element elementor-element-125851f e-con-full e-flex elementor-invisible e-con e-child\" data-id=\"125851f\" data-element_type=\"container\" data-settings=\"{&quot;background_background&quot;:&quot;classic&quot;,&quot;animation&quot;:&quot;fadeInUp&quot;,&quot;animation_delay&quot;:400}\">\n\t\t\t\t<div class=\"elementor-element elementor-element-6d99dce elementor-view-default elementor-widget elementor-widget-icon\" data-id=\"6d99dce\" data-element_type=\"widget\" data-widget_type=\"icon.default\">\n\t\t\t\t<div class=\"elementor-widget-container\">\n\t\t\t\t\t\t\t<div class=\"elementor-icon-wrapper\">\n\t\t\t<div class=\"elementor-icon\">\n\t\t\t<i aria-hidden=\"true\" class=\"razox-icon- razox-icon-shopping-basket\"><\/i>\t\t\t<\/div>\n\t\t<\/div>\n\t\t\t\t\t\t<\/div>\n\t\t\t\t<\/div>\n\t\t\t\t<div class=\"elementor-element elementor-element-6686483 elementor-alignment-left elementor-vertical-align-top elementor-widget elementor-widget-counter\" data-id=\"6686483\" data-element_type=\"widget\" data-widget_type=\"counter.default\">\n\t\t\t\t<div class=\"elementor-widget-container\">\n\t\t\t\t\t        <div class=\"elementor-counter\">\n                        <div class=\"elementor-counter-wrapper\">\n                <div class=\"elementor-counter-number-wrapper\">\n                                        <span class=\"elementor-counter-number\" data-duration=\"2000\" data-to-value=\"120\" data-delimiter=\",\"><\/span>\n                    <span class=\"elementor-counter-number-suffix\">+<\/span>\n                <\/div>\n\n                <div class=\"elementor-counter-title-wrap\">\n                                            <div class=\"elementor-counter-title\">Ventas diarias<\/div>\n                                                                            <\/div>\n            <\/div>\n        <\/div>\n        \t\t\t\t<\/div>\n\t\t\t\t<\/div>\n\t\t\t\t<div class=\"elementor-element elementor-element-ca87fb8 elementor-absolute elementor-view-default elementor-widget elementor-widget-icon\" data-id=\"ca87fb8\" data-element_type=\"widget\" data-settings=\"{&quot;_position&quot;:&quot;absolute&quot;}\" data-widget_type=\"icon.default\">\n\t\t\t\t<div class=\"elementor-widget-container\">\n\t\t\t\t\t\t\t<div class=\"elementor-icon-wrapper\">\n\t\t\t<div class=\"elementor-icon\">\n\t\t\t<svg xmlns=\"http:\/\/www.w3.org\/2000\/svg\" viewBox=\"0 0 100 20\"><g fill=\"none\" class=\"nc-icon-wrapper\"><path d=\"M10 0H100V20H0L10 0Z\" fill=\"currentColor\"><\/path><\/g><\/svg>\t\t\t<\/div>\n\t\t<\/div>\n\t\t\t\t\t\t<\/div>\n\t\t\t\t<\/div>\n\t\t\t\t<\/div>\n\t\t<div class=\"elementor-element elementor-element-9987390 e-con-full e-flex elementor-invisible e-con e-child\" data-id=\"9987390\" data-element_type=\"container\" data-settings=\"{&quot;background_background&quot;:&quot;classic&quot;,&quot;animation&quot;:&quot;fadeInUp&quot;,&quot;animation_delay&quot;:400}\">\n\t\t\t\t<div class=\"elementor-element elementor-element-dcc40eb elementor-view-default elementor-widget elementor-widget-icon\" data-id=\"dcc40eb\" data-element_type=\"widget\" data-widget_type=\"icon.default\">\n\t\t\t\t<div class=\"elementor-widget-container\">\n\t\t\t\t\t\t\t<div class=\"elementor-icon-wrapper\">\n\t\t\t<div class=\"elementor-icon\">\n\t\t\t<svg aria-hidden=\"true\" class=\"e-font-icon-svg e-fas-desktop\" viewBox=\"0 0 576 512\" xmlns=\"http:\/\/www.w3.org\/2000\/svg\"><path d=\"M528 0H48C21.5 0 0 21.5 0 48v320c0 26.5 21.5 48 48 48h192l-16 48h-72c-13.3 0-24 10.7-24 24s10.7 24 24 24h272c13.3 0 24-10.7 24-24s-10.7-24-24-24h-72l-16-48h192c26.5 0 48-21.5 48-48V48c0-26.5-21.5-48-48-48zm-16 352H64V64h448v288z\"><\/path><\/svg>\t\t\t<\/div>\n\t\t<\/div>\n\t\t\t\t\t\t<\/div>\n\t\t\t\t<\/div>\n\t\t\t\t<div class=\"elementor-element elementor-element-6227584 elementor-alignment-left elementor-vertical-align-top elementor-widget elementor-widget-counter\" data-id=\"6227584\" data-element_type=\"widget\" data-widget_type=\"counter.default\">\n\t\t\t\t<div class=\"elementor-widget-container\">\n\t\t\t\t\t        <div class=\"elementor-counter\">\n                        <div class=\"elementor-counter-wrapper\">\n                <div class=\"elementor-counter-number-wrapper\">\n                                        <span class=\"elementor-counter-number\" data-duration=\"2000\" data-to-value=\"200\" data-delimiter=\",\"><\/span>\n                    <span class=\"elementor-counter-number-suffix\">+<\/span>\n                <\/div>\n\n                <div class=\"elementor-counter-title-wrap\">\n                                            <div class=\"elementor-counter-title\">Productos<\/div>\n                                                                            <\/div>\n            <\/div>\n        <\/div>\n        \t\t\t\t<\/div>\n\t\t\t\t<\/div>\n\t\t\t\t<div class=\"elementor-element elementor-element-c4e90cf elementor-absolute elementor-view-default elementor-widget elementor-widget-icon\" data-id=\"c4e90cf\" data-element_type=\"widget\" data-settings=\"{&quot;_position&quot;:&quot;absolute&quot;}\" data-widget_type=\"icon.default\">\n\t\t\t\t<div class=\"elementor-widget-container\">\n\t\t\t\t\t\t\t<div class=\"elementor-icon-wrapper\">\n\t\t\t<div class=\"elementor-icon\">\n\t\t\t<svg xmlns=\"http:\/\/www.w3.org\/2000\/svg\" viewBox=\"0 0 100 20\"><g fill=\"none\" class=\"nc-icon-wrapper\"><path d=\"M10 0H100V20H0L10 0Z\" fill=\"currentColor\"><\/path><\/g><\/svg>\t\t\t<\/div>\n\t\t<\/div>\n\t\t\t\t\t\t<\/div>\n\t\t\t\t<\/div>\n\t\t\t\t<\/div>\n\t\t<div class=\"elementor-element elementor-element-d29dd89 e-con-full e-flex elementor-invisible e-con e-child\" data-id=\"d29dd89\" data-element_type=\"container\" data-settings=\"{&quot;background_background&quot;:&quot;classic&quot;,&quot;animation&quot;:&quot;fadeInUp&quot;,&quot;animation_delay&quot;:400}\">\n\t\t\t\t<div class=\"elementor-element elementor-element-45386e1 elementor-view-default elementor-widget elementor-widget-icon\" data-id=\"45386e1\" data-element_type=\"widget\" data-widget_type=\"icon.default\">\n\t\t\t\t<div class=\"elementor-widget-container\">\n\t\t\t\t\t\t\t<div class=\"elementor-icon-wrapper\">\n\t\t\t<div class=\"elementor-icon\">\n\t\t\t<i aria-hidden=\"true\" class=\"razox-icon- razox-icon-smile\"><\/i>\t\t\t<\/div>\n\t\t<\/div>\n\t\t\t\t\t\t<\/div>\n\t\t\t\t<\/div>\n\t\t\t\t<div class=\"elementor-element elementor-element-ec7db0f elementor-alignment-left elementor-vertical-align-top elementor-widget elementor-widget-counter\" data-id=\"ec7db0f\" data-element_type=\"widget\" data-widget_type=\"counter.default\">\n\t\t\t\t<div class=\"elementor-widget-container\">\n\t\t\t\t\t        <div class=\"elementor-counter\">\n                        <div class=\"elementor-counter-wrapper\">\n                <div class=\"elementor-counter-number-wrapper\">\n                                        <span class=\"elementor-counter-number\" data-duration=\"2000\" data-to-value=\"2000\" data-delimiter=\",\"><\/span>\n                    <span class=\"elementor-counter-number-suffix\">+<\/span>\n                <\/div>\n\n                <div class=\"elementor-counter-title-wrap\">\n                                            <div class=\"elementor-counter-title\">Clientes felices<\/div>\n                                                                            <\/div>\n            <\/div>\n        <\/div>\n        \t\t\t\t<\/div>\n\t\t\t\t<\/div>\n\t\t\t\t<div class=\"elementor-element elementor-element-c44e88d elementor-absolute elementor-view-default elementor-widget elementor-widget-icon\" data-id=\"c44e88d\" data-element_type=\"widget\" data-settings=\"{&quot;_position&quot;:&quot;absolute&quot;}\" data-widget_type=\"icon.default\">\n\t\t\t\t<div class=\"elementor-widget-container\">\n\t\t\t\t\t\t\t<div class=\"elementor-icon-wrapper\">\n\t\t\t<div class=\"elementor-icon\">\n\t\t\t<svg xmlns=\"http:\/\/www.w3.org\/2000\/svg\" viewBox=\"0 0 100 20\"><g fill=\"none\" class=\"nc-icon-wrapper\"><path d=\"M10 0H100V20H0L10 0Z\" fill=\"currentColor\"><\/path><\/g><\/svg>\t\t\t<\/div>\n\t\t<\/div>\n\t\t\t\t\t\t<\/div>\n\t\t\t\t<\/div>\n\t\t\t\t<\/div>\n\t\t\t\t\t<\/div>\n\t\t\t\t<\/div>\n\t\t<div class=\"elementor-element elementor-element-9c98cd6 e-flex e-con-boxed e-con e-parent\" data-id=\"9c98cd6\" data-element_type=\"container\" data-settings=\"{&quot;background_background&quot;:&quot;classic&quot;}\">\n\t\t\t\t\t<div class=\"e-con-inner\">\n\t\t<div class=\"elementor-element elementor-element-f1ba827 e-flex e-con-boxed elementor-invisible e-con e-child\" data-id=\"f1ba827\" data-element_type=\"container\" data-settings=\"{&quot;animation&quot;:&quot;fadeInUp&quot;}\">\n\t\t\t\t\t<div class=\"e-con-inner\">\n\t\t\t\t<div class=\"elementor-element elementor-element-45ceeba subtitle-position-above elementor-widget elementor-widget-heading\" data-id=\"45ceeba\" data-element_type=\"widget\" data-widget_type=\"heading.default\">\n\t\t\t\t<div class=\"elementor-widget-container\">\n\t\t\t\t\t<div class=\"elementor-heading-wrapper-inner\"><h2 class=\"elementor-heading-title elementor-size-xxl\">Gamer<\/h2><\/div>\t\t\t\t<\/div>\n\t\t\t\t<\/div>\n\t\t\t\t<div class=\"elementor-element elementor-element-022c249 subtitle-position-above elementor-widget elementor-widget-heading\" data-id=\"022c249\" data-element_type=\"widget\" data-widget_type=\"heading.default\">\n\t\t\t\t<div class=\"elementor-widget-container\">\n\t\t\t\t\t<div class=\"elementor-heading-wrapper-inner\"><h2 class=\"elementor-heading-title elementor-size-xxl\">Only connect<\/h2><\/div>\t\t\t\t<\/div>\n\t\t\t\t<\/div>\n\t\t\t\t\t<\/div>\n\t\t\t\t<\/div>\n\t\t<div class=\"elementor-element elementor-element-20ed6e4 e-flex e-con-boxed elementor-invisible e-con e-child\" data-id=\"20ed6e4\" data-element_type=\"container\" data-settings=\"{&quot;animation&quot;:&quot;fadeInUp&quot;}\">\n\t\t\t\t\t<div class=\"e-con-inner\">\n\t\t<div class=\"elementor-element elementor-element-ce304b0 e-flex e-con-boxed e-con e-child\" data-id=\"ce304b0\" data-element_type=\"container\" data-settings=\"{&quot;background_background&quot;:&quot;classic&quot;}\">\n\t\t\t\t\t<div class=\"e-con-inner\">\n\t\t\t\t<div class=\"elementor-element elementor-element-462e16b elementor-widget elementor-widget-image\" data-id=\"462e16b\" data-element_type=\"widget\" data-widget_type=\"image.default\">\n\t\t\t\t<div class=\"elementor-widget-container\">\n\t\t\t\t\t\t\t\t\t\t\t\t\t\t\t\t<a href=\"https:\/\/gamer.onlyconnect.com.mx\/index.php\/product-category\/gabinetes-gamer\/\">\n\t\t\t\t\t\t\t<img fetchpriority=\"high\" decoding=\"async\" width=\"800\" height=\"800\" src=\"https:\/\/gamer.onlyconnect.com.mx\/wp-content\/uploads\/2024\/01\/GGTITA3SP-B-01.webp\" class=\"attachment-full size-full wp-image-4565\" alt=\"\" srcset=\"https:\/\/gamer.onlyconnect.com.mx\/wp-content\/uploads\/2024\/01\/GGTITA3SP-B-01.webp 800w, https:\/\/gamer.onlyconnect.com.mx\/wp-content\/uploads\/2024\/01\/GGTITA3SP-B-01-300x300.webp 300w, https:\/\/gamer.onlyconnect.com.mx\/wp-content\/uploads\/2024\/01\/GGTITA3SP-B-01-150x150.webp 150w, https:\/\/gamer.onlyconnect.com.mx\/wp-content\/uploads\/2024\/01\/GGTITA3SP-B-01-768x768.webp 768w, https:\/\/gamer.onlyconnect.com.mx\/wp-content\/uploads\/2024\/01\/GGTITA3SP-B-01-90x90.webp 90w, https:\/\/gamer.onlyconnect.com.mx\/wp-content\/uploads\/2024\/01\/GGTITA3SP-B-01-600x600.webp 600w, https:\/\/gamer.onlyconnect.com.mx\/wp-content\/uploads\/2024\/01\/GGTITA3SP-B-01-96x96.webp 96w, https:\/\/gamer.onlyconnect.com.mx\/wp-content\/uploads\/2024\/01\/GGTITA3SP-B-01-460x460.webp 460w\" sizes=\"(max-width: 800px) 100vw, 800px\" \/>\t\t\t\t\t\t\t\t<\/a>\n\t\t\t\t\t\t\t\t\t\t\t\t\t\t\t<\/div>\n\t\t\t\t<\/div>\n\t\t\t\t<div class=\"elementor-element elementor-element-00ef4c3 elementor-align-center elementor-laptop-align-center subtitle-position-above elementor-widget elementor-widget-heading\" data-id=\"00ef4c3\" data-element_type=\"widget\" data-widget_type=\"heading.default\">\n\t\t\t\t<div class=\"elementor-widget-container\">\n\t\t\t\t\t<div class=\"elementor-heading-wrapper-inner\"><h2 class=\"elementor-heading-title elementor-size-xxl\"><a href=\"https:\/\/gamer.onlyconnect.com.mx\/index.php\/product-category\/gabinetes-gamer\/\">Gabinetes Gamer<\/a><\/h2><\/div>\t\t\t\t<\/div>\n\t\t\t\t<\/div>\n\t\t\t\t\t<\/div>\n\t\t\t\t<\/div>\n\t\t<div class=\"elementor-element elementor-element-e9ddf9f e-flex e-con-boxed e-con e-child\" data-id=\"e9ddf9f\" data-element_type=\"container\" data-settings=\"{&quot;background_background&quot;:&quot;classic&quot;}\">\n\t\t\t\t\t<div class=\"e-con-inner\">\n\t\t\t\t<div class=\"elementor-element elementor-element-afe9d5e elementor-widget elementor-widget-image\" data-id=\"afe9d5e\" data-element_type=\"widget\" data-widget_type=\"image.default\">\n\t\t\t\t<div class=\"elementor-widget-container\">\n\t\t\t\t\t\t\t\t\t\t\t\t\t\t\t\t<a href=\"https:\/\/gamer.onlyconnect.com.mx\/index.php\/product-category\/ventiladores-gamer\/\">\n\t\t\t\t\t\t\t<img decoding=\"async\" width=\"800\" height=\"800\" src=\"https:\/\/gamer.onlyconnect.com.mx\/wp-content\/uploads\/2024\/09\/GGFANX4SPNE.webp\" class=\"attachment-full size-full wp-image-4573\" alt=\"\" srcset=\"https:\/\/gamer.onlyconnect.com.mx\/wp-content\/uploads\/2024\/09\/GGFANX4SPNE.webp 800w, https:\/\/gamer.onlyconnect.com.mx\/wp-content\/uploads\/2024\/09\/GGFANX4SPNE-300x300.webp 300w, https:\/\/gamer.onlyconnect.com.mx\/wp-content\/uploads\/2024\/09\/GGFANX4SPNE-150x150.webp 150w, https:\/\/gamer.onlyconnect.com.mx\/wp-content\/uploads\/2024\/09\/GGFANX4SPNE-768x768.webp 768w, https:\/\/gamer.onlyconnect.com.mx\/wp-content\/uploads\/2024\/09\/GGFANX4SPNE-90x90.webp 90w, https:\/\/gamer.onlyconnect.com.mx\/wp-content\/uploads\/2024\/09\/GGFANX4SPNE-600x600.webp 600w, https:\/\/gamer.onlyconnect.com.mx\/wp-content\/uploads\/2024\/09\/GGFANX4SPNE-96x96.webp 96w, https:\/\/gamer.onlyconnect.com.mx\/wp-content\/uploads\/2024\/09\/GGFANX4SPNE-460x460.webp 460w\" sizes=\"(max-width: 800px) 100vw, 800px\" \/>\t\t\t\t\t\t\t\t<\/a>\n\t\t\t\t\t\t\t\t\t\t\t\t\t\t\t<\/div>\n\t\t\t\t<\/div>\n\t\t\t\t<div class=\"elementor-element elementor-element-a4da31c elementor-align-center subtitle-position-above elementor-widget elementor-widget-heading\" data-id=\"a4da31c\" data-element_type=\"widget\" data-widget_type=\"heading.default\">\n\t\t\t\t<div class=\"elementor-widget-container\">\n\t\t\t\t\t<div class=\"elementor-heading-wrapper-inner\"><h2 class=\"elementor-heading-title elementor-size-xxl\"><a href=\"https:\/\/gamer.onlyconnect.com.mx\/index.php\/product-category\/ventiladores-gamer\/\">Ventiladores gamer<\/a><\/h2><\/div>\t\t\t\t<\/div>\n\t\t\t\t<\/div>\n\t\t\t\t\t<\/div>\n\t\t\t\t<\/div>\n\t\t<div class=\"elementor-element elementor-element-6d32b4e e-flex e-con-boxed e-con e-child\" data-id=\"6d32b4e\" data-element_type=\"container\" data-settings=\"{&quot;background_background&quot;:&quot;classic&quot;}\">\n\t\t\t\t\t<div class=\"e-con-inner\">\n\t\t\t\t<div class=\"elementor-element elementor-element-aa04c94 elementor-widget elementor-widget-image\" data-id=\"aa04c94\" data-element_type=\"widget\" data-widget_type=\"image.default\">\n\t\t\t\t<div class=\"elementor-widget-container\">\n\t\t\t\t\t\t\t\t\t\t\t\t\t\t\t\t<a href=\"https:\/\/gamer.onlyconnect.com.mx\/index.php\/product-category\/fuentes-de-poder-para-computadora\/\">\n\t\t\t\t\t\t\t<img decoding=\"async\" width=\"800\" height=\"800\" src=\"https:\/\/gamer.onlyconnect.com.mx\/wp-content\/uploads\/2024\/09\/FUE80B500-066.webp\" class=\"attachment-full size-full wp-image-4411\" alt=\"\" srcset=\"https:\/\/gamer.onlyconnect.com.mx\/wp-content\/uploads\/2024\/09\/FUE80B500-066.webp 800w, https:\/\/gamer.onlyconnect.com.mx\/wp-content\/uploads\/2024\/09\/FUE80B500-066-300x300.webp 300w, https:\/\/gamer.onlyconnect.com.mx\/wp-content\/uploads\/2024\/09\/FUE80B500-066-90x90.webp 90w, https:\/\/gamer.onlyconnect.com.mx\/wp-content\/uploads\/2024\/09\/FUE80B500-066-600x600.webp 600w, https:\/\/gamer.onlyconnect.com.mx\/wp-content\/uploads\/2024\/09\/FUE80B500-066-150x150.webp 150w, https:\/\/gamer.onlyconnect.com.mx\/wp-content\/uploads\/2024\/09\/FUE80B500-066-768x768.webp 768w, https:\/\/gamer.onlyconnect.com.mx\/wp-content\/uploads\/2024\/09\/FUE80B500-066-96x96.webp 96w, https:\/\/gamer.onlyconnect.com.mx\/wp-content\/uploads\/2024\/09\/FUE80B500-066-460x460.webp 460w\" sizes=\"(max-width: 800px) 100vw, 800px\" \/>\t\t\t\t\t\t\t\t<\/a>\n\t\t\t\t\t\t\t\t\t\t\t\t\t\t\t<\/div>\n\t\t\t\t<\/div>\n\t\t\t\t<div class=\"elementor-element elementor-element-0ba4d79 elementor-align-center subtitle-position-above elementor-widget elementor-widget-heading\" data-id=\"0ba4d79\" data-element_type=\"widget\" data-widget_type=\"heading.default\">\n\t\t\t\t<div class=\"elementor-widget-container\">\n\t\t\t\t\t<div class=\"elementor-heading-wrapper-inner\"><h2 class=\"elementor-heading-title elementor-size-xxl\"><a href=\"https:\/\/gamer.onlyconnect.com.mx\/index.php\/product-category\/fuentes-de-poder-para-computadora\/\">Fuentes de poder Certificadas<\/a><\/h2><\/div>\t\t\t\t<\/div>\n\t\t\t\t<\/div>\n\t\t\t\t\t<\/div>\n\t\t\t\t<\/div>\n\t\t<div class=\"elementor-element elementor-element-665085f e-flex e-con-boxed e-con e-child\" data-id=\"665085f\" data-element_type=\"container\" data-settings=\"{&quot;background_background&quot;:&quot;classic&quot;}\">\n\t\t\t\t\t<div class=\"e-con-inner\">\n\t\t\t\t<div class=\"elementor-element elementor-element-258ca15 elementor-widget elementor-widget-image\" data-id=\"258ca15\" data-element_type=\"widget\" data-widget_type=\"image.default\">\n\t\t\t\t<div class=\"elementor-widget-container\">\n\t\t\t\t\t\t\t\t\t\t\t\t\t\t\t\t<a href=\"https:\/\/gamer.onlyconnect.com.mx\/index.php\/product-category\/ssd-enclosures\/\">\n\t\t\t\t\t\t\t<img loading=\"lazy\" decoding=\"async\" width=\"800\" height=\"800\" src=\"https:\/\/gamer.onlyconnect.com.mx\/wp-content\/uploads\/2024\/09\/CASEM2-NVME-01.webp\" class=\"attachment-full size-full wp-image-4512\" alt=\"\" srcset=\"https:\/\/gamer.onlyconnect.com.mx\/wp-content\/uploads\/2024\/09\/CASEM2-NVME-01.webp 800w, https:\/\/gamer.onlyconnect.com.mx\/wp-content\/uploads\/2024\/09\/CASEM2-NVME-01-300x300.webp 300w, https:\/\/gamer.onlyconnect.com.mx\/wp-content\/uploads\/2024\/09\/CASEM2-NVME-01-150x150.webp 150w, https:\/\/gamer.onlyconnect.com.mx\/wp-content\/uploads\/2024\/09\/CASEM2-NVME-01-768x768.webp 768w, https:\/\/gamer.onlyconnect.com.mx\/wp-content\/uploads\/2024\/09\/CASEM2-NVME-01-90x90.webp 90w, https:\/\/gamer.onlyconnect.com.mx\/wp-content\/uploads\/2024\/09\/CASEM2-NVME-01-600x600.webp 600w, https:\/\/gamer.onlyconnect.com.mx\/wp-content\/uploads\/2024\/09\/CASEM2-NVME-01-96x96.webp 96w, https:\/\/gamer.onlyconnect.com.mx\/wp-content\/uploads\/2024\/09\/CASEM2-NVME-01-460x460.webp 460w\" sizes=\"(max-width: 800px) 100vw, 800px\" \/>\t\t\t\t\t\t\t\t<\/a>\n\t\t\t\t\t\t\t\t\t\t\t\t\t\t\t<\/div>\n\t\t\t\t<\/div>\n\t\t\t\t<div class=\"elementor-element elementor-element-838d398 elementor-align-center subtitle-position-above elementor-widget elementor-widget-heading\" data-id=\"838d398\" data-element_type=\"widget\" data-widget_type=\"heading.default\">\n\t\t\t\t<div class=\"elementor-widget-container\">\n\t\t\t\t\t<div class=\"elementor-heading-wrapper-inner\"><h2 class=\"elementor-heading-title elementor-size-xxl\"><a href=\"https:\/\/gamer.onlyconnect.com.mx\/index.php\/product-category\/ssd-enclosures\/\">SSD Enclosures<\/a><\/h2><\/div>\t\t\t\t<\/div>\n\t\t\t\t<\/div>\n\t\t\t\t\t<\/div>\n\t\t\t\t<\/div>\n\t\t\t\t\t<\/div>\n\t\t\t\t<\/div>\n\t\t\t\t\t<\/div>\n\t\t\t\t<\/div>\n\t\t\t\t<\/div>\n\t\t","protected":false},"excerpt":{"rendered":"<p>Gamer Only Connect Con\u00f3cenos Only Connect Fundada en 1990 bajo el nombre de Asesor\u00eda Integral en Sistemas, SA de CV, somos m\u00e1s conocidos como Grupo Asis. Con m\u00e1s de tres d\u00e9cadas de experiencia en el mercado del c\u00f3mputo, nos hemos consolidado como una empresa s\u00f3lida y confiable, que ha sabido adaptarse a las necesidades de [&hellip;]<\/p>\n","protected":false},"author":1,"featured_media":0,"parent":0,"menu_order":0,"comment_status":"closed","ping_status":"closed","template":"template-homepage.php","meta":{"inline_featured_image":false,"footnotes":""},"class_list":["post-304","page","type-page","status-publish","hentry"],"_links":{"self":[{"href":"https:\/\/gamer.onlyconnect.com.mx\/index.php\/wp-json\/wp\/v2\/pages\/304","targetHints":{"allow":["GET"]}}],"collection":[{"href":"https:\/\/gamer.onlyconnect.com.mx\/index.php\/wp-json\/wp\/v2\/pages"}],"about":[{"href":"https:\/\/gamer.onlyconnect.com.mx\/index.php\/wp-json\/wp\/v2\/types\/page"}],"author":[{"embeddable":true,"href":"https:\/\/gamer.onlyconnect.com.mx\/index.php\/wp-json\/wp\/v2\/users\/1"}],"replies":[{"embeddable":true,"href":"https:\/\/gamer.onlyconnect.com.mx\/index.php\/wp-json\/wp\/v2\/comments?post=304"}],"version-history":[{"count":28,"href":"https:\/\/gamer.onlyconnect.com.mx\/index.php\/wp-json\/wp\/v2\/pages\/304\/revisions"}],"predecessor-version":[{"id":4666,"href":"https:\/\/gamer.onlyconnect.com.mx\/index.php\/wp-json\/wp\/v2\/pages\/304\/revisions\/4666"}],"wp:attachment":[{"href":"https:\/\/gamer.onlyconnect.com.mx\/index.php\/wp-json\/wp\/v2\/media?parent=304"}],"curies":[{"name":"wp","href":"https:\/\/api.w.org\/{rel}","templated":true}]}}